{"id":40830,"date":"2024-12-31T23:03:17","date_gmt":"2024-12-31T22:03:17","guid":{"rendered":"https:\/\/hinternet.de\/blog\/?page_id=40830"},"modified":"2024-12-31T23:03:18","modified_gmt":"2024-12-31T22:03:18","slug":"insel-filme-uebersicht","status":"publish","type":"page","link":"https:\/\/hinternet.de\/blog\/insel-filme-uebersicht\/","title":{"rendered":"Insel-Filme (\u00dcbersicht)"},"content":{"rendered":"\n<p>Ende 1997 baten wir unsere Mitarbeiterinnen und Mitarbeiter neben ihren &#8222;<a href=\"https:\/\/hinternet.de\/blog\/inselplatten\/\" data-type=\"page\" data-id=\"31894\">Platten f\u00fcr die einsame Insel<\/a>&#8220; auch um ihre Listen mit den Filmen f\u00fcr die einsame Insel. Hier die Ergebnisse:<\/p>\n\n\n\n<p><a href=\"https:\/\/hinternet.de\/blog\/1998\/01\/kai-florian-beckers-filme-fuer-die-einsame-insel\/\">Kai Florian Becker<\/a> | <a href=\"https:\/\/hinternet.de\/blog\/1998\/01\/katja-preissners-insel-filme\/\">Katja Prei\u00dfner<\/a> | <a href=\"https:\/\/hinternet.de\/blog\/1998\/01\/marisa-villareales-filme-fuer-die-einsame-insel\/\">Marisa Villareale<\/a> | <a href=\"https:\/\/hinternet.de\/blog\/1998\/01\/marlon-wilhelms-insel-filme\/\">Marlon Wilhelm<\/a><\/p>\n","protected":false},"excerpt":{"rendered":"<p>Ende 1997 baten wir unsere Mitarbeiterinnen und Mitarbeiter neben ihren &#8222;Platten f\u00fcr die einsame Insel&#8220; auch um ihre Listen mit den Filmen f\u00fcr die einsame Insel. Hier die Ergebnisse: Kai Florian Becker | Katja Prei\u00dfner | Marisa Villareale | Marlon Wilhelm<\/p>\n","protected":false},"author":2,"featured_media":0,"parent":0,"menu_order":0,"comment_status":"closed","ping_status":"closed","template":"","meta":{"ub_ctt_via":"","footnotes":""},"class_list":["post-40830","page","type-page","status-publish","hentry"],"featured_image_src":null,"_links":{"self":[{"href":"https:\/\/hinternet.de\/blog\/wp-json\/wp\/v2\/pages\/40830","targetHints":{"allow":["GET"]}}],"collection":[{"href":"https:\/\/hinternet.de\/blog\/wp-json\/wp\/v2\/pages"}],"about":[{"href":"https:\/\/hinternet.de\/blog\/wp-json\/wp\/v2\/types\/page"}],"author":[{"embeddable":true,"href":"https:\/\/hinternet.de\/blog\/wp-json\/wp\/v2\/users\/2"}],"replies":[{"embeddable":true,"href":"https:\/\/hinternet.de\/blog\/wp-json\/wp\/v2\/comments?post=40830"}],"version-history":[{"count":0,"href":"https:\/\/hinternet.de\/blog\/wp-json\/wp\/v2\/pages\/40830\/revisions"}],"wp:attachment":[{"href":"https:\/\/hinternet.de\/blog\/wp-json\/wp\/v2\/media?parent=40830"}],"curies":[{"name":"wp","href":"https:\/\/api.w.org\/{rel}","templated":true}]}}