{"id":41846,"date":"2025-08-13T02:19:46","date_gmt":"2025-08-13T00:19:46","guid":{"rendered":"https:\/\/hinternet.de\/blog\/historischer-kalender\/kalender-06-26\/"},"modified":"2025-08-13T04:12:40","modified_gmt":"2025-08-13T02:12:40","slug":"kalender-06-26","status":"publish","type":"page","link":"https:\/\/hinternet.de\/blog\/historischer-kalender\/kalender-06-26\/","title":{"rendered":"26. Juni"},"content":{"rendered":"<div class='historischer-kalender'>\n<div class='ereignis'>\n<h4 class='ereignis-header'>1730, * Charles Messier<\/h4>\n<div class='ereignis-text'>\n<p>Franz\u00f6sischer Astronom. Ein von ihm begonnenes Verzeichnis astronomischer Objekte (vor allem Galaxien, Sternenhaufen und Nebel) hei\u00dft heute ihm zu Ehren Messier-Katalog. Gestorben 12.4.1817.<\/p>\n<\/div>\n<\/div>\n<div class='ereignis'>\n<h4 class='ereignis-header'>1793, + Karl Philipp Moritz<\/h4>\n<div class='ereignis-text'>\n<p>Der deutsche Schriftsteller (&quot;Anton Reiser&quot;) stirbt 37j\u00e4hrig in Berlin an Tuberkulose.<\/p>\n<\/div>\n<\/div>\n<div class='ereignis'>\n<h4 class='ereignis-header'>1810, + Michel Joseph de Montgolfier<\/h4>\n<div class='ereignis-text'>\n<p>Der franz\u00f6sische Pionier des Hei\u00dfluftballons stirbt 69j\u00e4hrig in Balaruc.<\/p>\n<\/div>\n<\/div>\n<div class='ereignis'>\n<h4 class='ereignis-header'>1824, * William Thomson Kelvin<\/h4>\n<div class='ereignis-text'>\n<p>Schottischer Physiker. 1892 geadelt. Gestorben 17.12.1907.<\/p>\n<\/div>\n<\/div>\n<div class='ereignis'>\n<h4 class='ereignis-header'>1856, + Max Stirner<\/h4>\n<div class='ereignis-text'>\n<p>Der deutsche Philosoph (&quot;Der Einzige und sein Eigentum&quot;) stirbt 50j\u00e4hrig in Berlin.<\/p>\n<\/div>\n<\/div>\n<div class='ereignis'>\n<h4 class='ereignis-header'>1869, * Martin Andersen-Nex\u00f6<\/h4>\n<div class='ereignis-text'>\n<p>D\u00e4nischer Schriftsteller (&quot;Pelle der Eroberer&quot;). 1954 gestorben.<\/p>\n<\/div>\n<\/div>\n<div class='ereignis'>\n<h4 class='ereignis-header'>1892, * Pearl S. Buck<\/h4>\n<div class='ereignis-text'>\n<p>US-amerikanische Schriftstellerin. Literaturnobelpreis 1938.<\/p>\n<\/div>\n<\/div>\n<div class='ereignis'>\n<h4 class='ereignis-header'>1898, * Willy Messerschmitt<\/h4>\n<div class='ereignis-text'>\n<p>Deutscher Ingenieur. Er gr\u00fcndete 1923 die Messerschmitt-Flugzeugbau-Gesellschaft und baute u.a. den Flieger ME109, das im Zweiten Weltkrieg von der deutschen Luftwaffe am h\u00e4ufigsten eingesetzte Flugzeug. Nach dem Krieg bastelte Messerschmitt auch N\u00e4hmaschinen, Fertigh\u00e4user und Kabinenroller.<\/p>\n<\/div>\n<\/div>\n<div class='ereignis'>\n<h4 class='ereignis-header'>1903, * Big Bill Broonzy<\/h4>\n<div class='ereignis-text'>\n<p>(Eigentlich: Lee Conley Bradley) US-amerikanischer Bluesmusiker. Gestorben 14.8.1958.<\/p>\n<\/div>\n<\/div>\n<div class='ereignis'>\n<h4 class='ereignis-header'>1904, * Peter Lorre<\/h4>\n<div class='ereignis-text'>\n<p>(Eigentlich: Laszlo L\u00f6wenstein) Deutscher Schauspieler (&quot;M &#8211; Eine Stadt sucht einen M\u00f6rder&quot;, &quot;Geheimagendt&quot;, &quot;Mr. Moto&quot;-Reihe, &quot;Casablanca&quot;, &quot;Arsen und Spitzenh\u00e4ubchen&quot;, &quot;Die Bestie mit den f\u00fcnf Fingern&quot;, &quot;Der Rabe \u2013 Duell der Zauberer&quot;) und Regisseur (&quot;Der Verlorene&quot;). Gestorben 23.3.1964.<\/p>\n<\/div>\n<\/div>\n<div class='ereignis'>\n<h4 class='ereignis-header'>1906, * Stefan Andres<\/h4>\n<div class='ereignis-text'>\n<p>Deutscher Schriftsteller (&quot;Die Sintflut&quot;, &quot;Der Knabe im Brunnen&quot;). Gestorben 29.6.1970.<\/p>\n<\/div>\n<\/div>\n<div class='ereignis'>\n<h4 class='ereignis-header'>1909, * &quot;Colonel&quot; Tom Parker<\/h4>\n<div class='ereignis-text'>\n<p>(Eigentlich: Andreas Cornelius van Kujik) In den Niederlanden geborener US-amerikanischer Manager von Elvis Presley.1997 gestorben.<\/p>\n<\/div>\n<\/div>\n<div class='ereignis'>\n<h4 class='ereignis-header'>1911, * Lia W\u00f6hr<\/h4>\n<div class='ereignis-text'>\n<p>Hessische Schauspielerin (&quot;Die Familie Hesselbach&quot;) und Chefin im &quot;Blauen Bock&quot;. Gestorben 15.11.1994.<\/p>\n<\/div>\n<\/div>\n<div class='ereignis'>\n<h4 class='ereignis-header'>1922, * Eleanor Parker<\/h4>\n<div class='ereignis-text'>\n<p>US-amerikanische Schauspielerin (&quot;The Sound of Music&quot;, &quot;Des Menschen H\u00f6rigkeit&quot;, &quot;Der Mann mit dem goldenen Arm&quot;). Gestorben 9.12.2013.<\/p>\n<\/div>\n<\/div>\n<div class='ereignis'>\n<h4 class='ereignis-header'>1925, Filmpremiere &quot;The Gold Rush&quot;<\/h4>\n<div class='ereignis-text'>\n<p>In Los Angeles feiert Charlie Chaplins Stummfilm-Kom\u00f6die Premiere. 1942 ver\u00f6ffentlicht Chaplin eine Tonfilm-Fassung des Films.<\/p>\n<\/div>\n<\/div>\n<div class='ereignis'>\n<h4 class='ereignis-header'>1933, * Claudio Abbado<\/h4>\n<div class='ereignis-text'>\n<p>Italienischer Dirigent. Chefdirigent der Mail\u00e4nder Scala, des London Symphony Orchestra, der Wiener Staatsoper und der Berliner Philharmoniker.<\/p>\n<\/div>\n<\/div>\n<div class='ereignis'>\n<h4 class='ereignis-header'>1934, * Dave Grusin<\/h4>\n<div class='ereignis-text'>\n<p>US-amerikanischer Filmkomponist (&quot;On Golden Pond&quot;, &quot;Heaven Can Wait&quot;, &quot;Tootsie&quot;). 10 Grammys und ein Oscar (1989 f\u00fcr &quot;Milagro \u2013 Der Krieg im Bohnenfeld&quot;).<\/p>\n<\/div>\n<\/div>\n<div class='ereignis'>\n<h4 class='ereignis-header'>1937, * Robert C. Richardson<\/h4>\n<div class='ereignis-text'>\n<p>US-amerikanischer Physiker. F\u00fcr die Entdeckung von suprafluidem Helium-3 bekam er 1996 den Nobelpreis f\u00fcr Physik.<\/p>\n<\/div>\n<\/div>\n<div class='ereignis'>\n<h4 class='ereignis-header'>1939, + Ford Madox Ford<\/h4>\n<div class='ereignis-text'>\n<p>Der englische Schriftsteller (&quot;Die allertraurigste Geschichte&quot;) stirbt 65j\u00e4hrig im franz\u00f6sischen Deauville.<\/p>\n<\/div>\n<\/div>\n<div class='ereignis'>\n<h4 class='ereignis-header'>1940, * Billy Davis jr.<\/h4>\n<div class='ereignis-text'>\n<p>S\u00e4nger bei The 5th Dimension (&quot;Aquarius\/Let the Sunshine In&quot;).<\/p>\n<\/div>\n<\/div>\n<div class='ereignis'>\n<h4 class='ereignis-header'>1942, * Larry Taylor<\/h4>\n<div class='ereignis-text'>\n<p>US-amerikanischer Bassist von Canned Heat (&quot;On the Road Again&quot;, &quot;Going Up the Country&quot;) von den Anf\u00e4ngen 1967 bis 1970. J\u00fcngerer Bruder des Ventures-Schlagzeugers Mel Taylor. Gestorben 19.8.2019.<\/p>\n<\/div>\n<\/div>\n<div class='ereignis'>\n<h4 class='ereignis-header'>1942, * Gilberto Gil<\/h4>\n<div class='ereignis-text'>\n<p>Brasilianischer Musiker. 2005 mit dem Polar-Preis ausgezeichnet. Von 2003 bis 2008 Brasiliens Kulturminister.<\/p>\n<\/div>\n<\/div>\n<div class='ereignis'>\n<h4 class='ereignis-header'>1943, * Georgie Fame<\/h4>\n<div class='ereignis-text'>\n<p>(Eigentlich: Clive Powell) Englischer S\u00e4nger und Keyboarder bei den Blue Flames (&quot;Yeh Yeh&quot;, &quot;Sunny&quot;), Fame &amp; Price (&quot;Rosetta&quot;) und solo (&quot;The Ballad of Bonnie &amp; Clyde&quot;).<\/p>\n<\/div>\n<\/div>\n<div class='ereignis'>\n<h4 class='ereignis-header'>1944, * Ron Wilson<\/h4>\n<div class='ereignis-text'>\n<p>US-amerikanischer Schlagzeuger bei den Surfaris (&quot;Wipe Out&quot;). 12.5.1989 an einem Aneurysma gestorben.<\/p>\n<\/div>\n<\/div>\n<div class='ereignis'>\n<h4 class='ereignis-header'>1945, * Joseph von Westphalen<\/h4>\n<div class='ereignis-text'>\n<p>Deutscher Schriftsteller (&quot;Warum ich Monarchist geworden bin&quot;, &quot;Im diplomatischen Dienst&quot;).<\/p>\n<\/div>\n<\/div>\n<div class='ereignis'>\n<h4 class='ereignis-header'>1948, * Sergei Bodrow<\/h4>\n<div class='ereignis-text'>\n<p>Russischer Filmregisseur (&quot;Freiheit ist ein Paradies&quot;,&quot;Gefangen im Kaukasus&quot;, &quot;Der Mongole&quot;), Drehbuchautor und Produzent.<\/p>\n<\/div>\n<\/div>\n<div class='ereignis'>\n<h4 class='ereignis-header'>1951, * Robert Davi<\/h4>\n<div class='ereignis-text'>\n<p>US-amerikanischer Schauspieler (&quot;Die Goonies&quot;, &quot;James Bond 007 \u2013 Lizenz zum T\u00f6ten&quot;, &quot;Profiler&quot;) und Operns\u00e4nger. <\/p>\n<\/div>\n<\/div>\n<div class='ereignis'>\n<h4 class='ereignis-header'>1955, * Mick Jones<\/h4>\n<div class='ereignis-text'>\n<p>Gitarrist und S\u00e4nger bei The Clash und Big Audio Dynamite.<\/p>\n<\/div>\n<\/div>\n<div class='ereignis'>\n<h4 class='ereignis-header'>1956, * Chris Isaak<\/h4>\n<div class='ereignis-text'>\n<p>US-amerikanischer S\u00e4nger, Gitarrist (&quot;Dancing&quot;, &quot;Blue Hotel&quot;) und Schauspieler  (&quot;Little Buddha&quot;, &quot;Das Schweigen der L\u00e4mmer&quot;, &quot;Twin Peaks&quot;).<\/p>\n<\/div>\n<\/div>\n<div class='ereignis'>\n<h4 class='ereignis-header'>1956, + Clifford Brown<\/h4>\n<div class='ereignis-text'>\n<p>Der US-amerikanische Jazztrompeter stirbt 25j\u00e4hrig bei einem Autounfall in Chicago.<\/p>\n<\/div>\n<\/div>\n<div class='ereignis'>\n<h4 class='ereignis-header'>1957, * Jan Sch\u00fctte<\/h4>\n<div class='ereignis-text'>\n<p>Deutscher Regisseur (&quot;Drachenfutter&quot;, &quot;Winkelmanns Reisen&quot;, &quot;Auf Wiedersehen Amerika&quot;).<\/p>\n<\/div>\n<\/div>\n<div class='ereignis'>\n<h4 class='ereignis-header'>1961, * Terri Nunn<\/h4>\n<div class='ereignis-text'>\n<p>S\u00e4ngerin bei Berlin (&quot;Take My Breath Away&quot;).<\/p>\n<\/div>\n<\/div>\n<div class='ereignis'>\n<h4 class='ereignis-header'>1961, * Greg LeMond<\/h4>\n<div class='ereignis-text'>\n<p>US-amerikanischer Radrennfahrer. Dreifacher Sieger der Tour de France 1986, 1989 (mit einem Vorsprung von 8 Sekunden auf Laurent Fignon) und 1990.<\/p>\n<\/div>\n<\/div>\n<div class='ereignis'>\n<h4 class='ereignis-header'>1963, Isch bin ein B\u00f6rliner<\/h4>\n<div class='ereignis-text'>\n<p>Der US-amerikanische Pr\u00e4sident John F. Kennedy h\u00e4lt in Berlin seine ber\u00fchmte Rede, bzw. seine Rede mit dem ber\u00fchmten Satz.<\/p>\n<\/div>\n<\/div>\n<div class='ereignis'>\n<h4 class='ereignis-header'>1963, TV-Premiere &quot;Terry and the Pirates&quot;<\/h4>\n<div class='ereignis-text'>\n<p>Die US-amerikanische Abenteuer-Serie (nach Motiven von Milton Caniffs gleichnamigen Comic Strip) hat Premiere.<\/p>\n<\/div>\n<\/div>\n<div class='ereignis'>\n<h4 class='ereignis-header'>1964, Albumver\u00f6ffentlichung &quot;A Hard Day&#039;s Night&quot;<\/h4>\n<\/div>\n<div class='ereignis'>\n<h4 class='ereignis-header'>1967, + Fran\u00e7oise Dorl\u00e9ac<\/h4>\n<div class='ereignis-text'>\n<p>Die franz\u00f6sische Schauspielerin (&quot;Abenteuer in Rio&quot;, &quot;Die s\u00fc\u00dfe Haut&quot;, &quot;Die M\u00e4dchen von Rochefort&quot;) und Schwester von Catherine Deneuve kommt 25j\u00e4hrig bei einem Verkehrsunfall bei Nizza ums Leben.<\/p>\n<\/div>\n<\/div>\n<div class='ereignis'>\n<h4 class='ereignis-header'>1969, * Colin Greenwood<\/h4>\n<div class='ereignis-text'>\n<p>Britischer Bassist\/Keyboarder bei Radiohead.<\/p>\n<\/div>\n<\/div>\n<div class='ereignis'>\n<h4 class='ereignis-header'>1970, * Nick Offerman<\/h4>\n<div class='ereignis-text'>\n<p>US-amerikanischer Schauspieler (&quot;Parks and Recreation&quot;), Komiker und Drehbuchautor.<\/p>\n<\/div>\n<\/div>\n<div class='ereignis'>\n<h4 class='ereignis-header'>1970, * Chris O&#039;Donnell<\/h4>\n<div class='ereignis-text'>\n<p>Schauspieler  (&quot;Der Duft der Frauen&quot;, &quot;Batman Forever&quot;, &quot;Kinsey \u2013 Die Wahrheit \u00fcber Sex&quot;).<\/p>\n<\/div>\n<\/div>\n<div class='ereignis'>\n<h4 class='ereignis-header'>1970, * Paul Thomas Anderson<\/h4>\n<div class='ereignis-text'>\n<p>US-amerikanischer Filmregisseur (&quot;Boogie Night&quot;, &quot;Magnolia&quot;, &quot;Punch-Drunk Love&quot;, &quot;Inherent Vice&quot;, &quot;There Will Be Blood&quot;, &quot;Der seidene Faden&quot;, &quot;Licorice Pizza&quot;).<\/p>\n<\/div>\n<\/div>\n<div class='ereignis'>\n<h4 class='ereignis-header'>1970, * Sean Hayes<\/h4>\n<div class='ereignis-text'>\n<p>US-amerikanischer Schauspieler (f\u00fcr seine Rolle des Jack McFarland in der Sitcom &quot;Will &amp; Grace&quot; vielfach emmynominiert und zweimal auch -pr\u00e4miert).<\/p>\n<\/div>\n<\/div>\n<div class='ereignis'>\n<h4 class='ereignis-header'>1973, + John Cranko<\/h4>\n<div class='ereignis-text'>\n<p>Der englische Choreograph stirbt 45j\u00e4hrig an Herzversagen.<\/p>\n<\/div>\n<\/div>\n<div class='ereignis'>\n<h4 class='ereignis-header'>1973, * Gretchen Wilson<\/h4>\n<div class='ereignis-text'>\n<p>US-amerikanische Country-S\u00e4ngerin (&quot;Redneck Woman&quot;).<\/p>\n<\/div>\n<\/div>\n<div class='ereignis'>\n<h4 class='ereignis-header'>1974, Pieep!<\/h4>\n<div class='ereignis-text'>\n<p>In Marsh&#039;s Supermarket in Troy, Ohio kauft Clyde Dawson eine Packung Wrigley&#039;s &quot;Juicy Fruit&quot; und die Verk\u00e4uferin Sharon Buchanan zieht die Kaugummipackung \u00fcber ihren Scanner. Es ist das erste Mal, dass der Preis einer Ware in einem Gesch\u00e4ft mittels Barcode ermittelt wird. <\/p>\n<\/div>\n<\/div>\n<div class='ereignis'>\n<h4 class='ereignis-header'>1974, Albumver\u00f6ffentlichung &quot;Bad Company&quot;<\/h4>\n<div class='ereignis-text'>\n<p>Das Deb\u00fctalbum der Supergroup Bad Company erscheint.<\/p>\n<\/div>\n<\/div>\n<div class='ereignis'>\n<h4 class='ereignis-header'>1974, Albumver\u00f6ffentlichung &quot;Holiday&quot;<\/h4>\n<div class='ereignis-text'>\n<p>Das vierte Album der amerikanischen Band America erscheint. Produzent ist George Martin (der auch die n\u00e4chsten sechs America-Platten produzieren wird).<\/p>\n<\/div>\n<\/div>\n<div class='ereignis'>\n<h4 class='ereignis-header'>1975, Albumver\u00f6ffentlichung &quot;The Basement Tapes&quot;<\/h4>\n<div class='ereignis-text'>\n<p>Bob Dylan ver\u00f6ffentlicht sein 16. Album und sein zweites mit The Band.<\/p>\n<\/div>\n<\/div>\n<div class='ereignis'>\n<h4 class='ereignis-header'>1976, * C\u00e9dric Jimenez<\/h4>\n<div class='ereignis-text'>\n<p>Franz\u00f6sischer Filmregisseur (&quot;Der Unbestechliche \u2013 M\u00f6rderisches Marseille&quot;, &quot;Bac Nord \u2013 Bollwerk gegen das Verbrechen&quot;).<\/p>\n<\/div>\n<\/div>\n<div class='ereignis'>\n<h4 class='ereignis-header'>1977, * Michael Thomas Dunn<\/h4>\n<div class='ereignis-text'>\n<p>US-amerikanischer Schauspieler (&quot;Black Zone&quot;) und Regisseur.<\/p>\n<\/div>\n<\/div>\n<div class='ereignis'>\n<h4 class='ereignis-header'>1978, Badaboum puissant<\/h4>\n<div class='ereignis-text'>\n<p>Bretonische Separatisten ver\u00fcben in der Nacht einen Sprengstoffanschlag auf Schloss Versailles. Drei S\u00e4le werden komplett zerst\u00f6rt, der Schaden wird auf etwa f\u00fcnf Millionen Francs gesch\u00e4tzt.<\/p>\n<\/div>\n<\/div>\n<div class='ereignis'>\n<h4 class='ereignis-header'>1980, * Jason Schwartzman<\/h4>\n<div class='ereignis-text'>\n<p>US-amerikanischer Schlagzeuger bei Phantom Planet (1994-2003) und Schauspieler (&quot;Rushmore&quot;, &quot;Spun&quot;, &quot;Marie Antoinette&quot; &quot;Bored to Death&quot;, &quot;The Darjeeling Limited&quot;, &quot;Fargo [Staffel 4]&quot;). Sohn von Schauspielerin Talia Shire (&quot;Rocky&quot;) und damit u.a. Neffe von Francis Ford Coppola.<\/p>\n<\/div>\n<\/div>\n<div class='ereignis'>\n<h4 class='ereignis-header'>1982, + Alexander Mitscherlich<\/h4>\n<div class='ereignis-text'>\n<p>Der deutsche Psychoanalytiker (&quot;Die Unf\u00e4higkeit zu trauern&quot;) stirbt 73j\u00e4hrig in Frankfurt am Main.<\/p>\n<\/div>\n<\/div>\n<div class='ereignis'>\n<h4 class='ereignis-header'>1984, * Aubrey Plaza<\/h4>\n<div class='ereignis-text'>\n<p>US-amerikanische Comedienne, Schauspielerin (&quot;Parks and Recreation&quot;, &quot;Ingrid Goes West&quot;, &quot;Legion&quot;, &quot;Black Bear&quot;, &quot;Emily the Criminal&quot;) und Produzentin. Seit 2021 verheiratet mit Regisseur und Drehbuchautor Jeff Baena (&quot;Horse Girl&quot;).<\/p>\n<\/div>\n<\/div>\n<div class='ereignis'>\n<h4 class='ereignis-header'>1990, Albumver\u00f6ffentlichung &quot;Goo&quot;<\/h4>\n<div class='ereignis-text'>\n<p>Sonic Youth ver\u00f6ffentlichen ihr sechstes Studioalbum.<\/p>\n<\/div>\n<\/div>\n<div class='ereignis'>\n<h4 class='ereignis-header'>1993, * Ariana Grande<\/h4>\n<div class='ereignis-text'>\n<p>US-amerikanische S\u00e4ngerin (&quot;Problem&quot;, &quot;No Tears Left to Cry&quot;, &quot;Thank U, Next&quot;, &quot;7 Rings&quot;, &quot;Positions&quot;) und Schauspielerin (&quot;Victorious&quot;). Laut Spotify die meistgestreamte Musikerin der 2010er Jahre.<\/p>\n<\/div>\n<\/div>\n<div class='ereignis'>\n<h4 class='ereignis-header'>1997, Buchver\u00f6ffentlichung: &quot;Harry Potter und der Stein der Weisen&quot;<\/h4>\n<div class='ereignis-text'>\n<p>In Gro\u00dfbritannien erscheint der erste Band von Joanne K. Rowlings Harry-Potter-Reihe &quot;Harry Potter and the Philosopher&#039;s Stone&quot;. Damalige Auflage: 500.<\/p>\n<\/div>\n<\/div>\n<div class='ereignis'>\n<h4 class='ereignis-header'>1997, + Israel Kamakawiwo\u00b4ole<\/h4>\n<div class='ereignis-text'>\n<p>Der hawaiische S\u00e4nger stirbt 38j\u00e4hrig auf Hawaii an den Folgen seiner Adipositas. Sor erlebter nicht mehr den gro\u00dfen Erfolg seines 1990 ver\u00f6ffentlichten Medleys &quot;Somewhere over the Rainbow \/ What a Wonderful World&quot; in den 2000er Jahren (#1 in Deutschland 2010).<\/p>\n<\/div>\n<\/div>\n<div class='ereignis'>\n<h4 class='ereignis-header'>1998, Filmpremiere &quot;Buffalo \u201966&quot;<\/h4>\n<div class='ereignis-text'>\n<p>Vincent Gallos Regiedeb\u00fct (mit ihm selbst und Christian Ricci in den Hauptrollen) kommt in die US-amerikanischen Kinos.<\/p>\n<\/div>\n<\/div>\n<div class='ereignis'>\n<h4 class='ereignis-header'>2007, + Jupp Derwall<\/h4>\n<div class='ereignis-text'>\n<p>Der ehemalige Fu\u00dfballbundestrainer stirbt 80j\u00e4hrig in St. Ingbert.<\/p>\n<\/div>\n<\/div>\n<div class='ereignis'>\n<h4 class='ereignis-header'>2012, + Nora Ephron<\/h4>\n<div class='ereignis-text'>\n<p>Die US-amerikanischer Drehbuchautorin (&quot;Silkwood&quot;, &quot;Harry und Sally&quot;) und Regisseurin (&quot;Schlaflos in Seattle&quot;, &quot;You\u00b4ve Got Mail&quot;) stirbt 70j\u00e4hrig in New York an Leuk\u00e4mie.<\/p>\n<\/div>\n<\/div>\n<div class='ereignis'>\n<h4 class='ereignis-header'>2019, + Max Wright<\/h4>\n<div class='ereignis-text'>\n<p>Der US-amerikanische Schauspieler (bei uns vor allem als Familienvater Willie Tanner in &quot;Alf&quot;) stirbt 75j\u00e4hrig in Englewood, New Jersey.<\/p>\n<\/div>\n<\/div>\n<div class='ereignis'>\n<h4 class='ereignis-header'>2020, + Kelly Asbury<\/h4>\n<div class='ereignis-text'>\n<p>Der US-amerikanische Regisseur (&quot;Shrek 2&quot;, &quot;Die Schl\u00fcmpfe \u2013 Das verlorene Dorf&quot;) stirbt 60j\u00e4hrig im kalifornischen Encino an Krebs.<\/p>\n<\/div>\n<\/div>\n<\/div>\n<p class='sync-info'><small>Letzte Aktualisierung: 2025-08-13 02:12:39<\/small><\/p>\n","protected":false},"excerpt":{"rendered":"<p>1730, * Charles Messier Franz\u00f6sischer Astronom. Ein von ihm begonnenes Verzeichnis astronomischer Objekte (vor allem Galaxien, Sternenhaufen und Nebel) hei\u00dft heute ihm zu Ehren Messier-Katalog. Gestorben 12.4.1817. 1793, + Karl Philipp Moritz Der deutsche Schriftsteller (&quot;Anton Reiser&quot;) stirbt 37j\u00e4hrig in Berlin an Tuberkulose. 1810, + Michel Joseph de Montgolfier Der franz\u00f6sische Pionier des Hei\u00dfluftballons stirbt [&hellip;]<\/p>\n","protected":false},"author":3,"featured_media":0,"parent":41668,"menu_order":0,"comment_status":"closed","ping_status":"closed","template":"","meta":{"ub_ctt_via":"","footnotes":""},"class_list":["post-41846","page","type-page","status-publish","hentry"],"featured_image_src":null,"_links":{"self":[{"href":"https:\/\/hinternet.de\/blog\/wp-json\/wp\/v2\/pages\/41846","targetHints":{"allow":["GET"]}}],"collection":[{"href":"https:\/\/hinternet.de\/blog\/wp-json\/wp\/v2\/pages"}],"about":[{"href":"https:\/\/hinternet.de\/blog\/wp-json\/wp\/v2\/types\/page"}],"author":[{"embeddable":true,"href":"https:\/\/hinternet.de\/blog\/wp-json\/wp\/v2\/users\/3"}],"replies":[{"embeddable":true,"href":"https:\/\/hinternet.de\/blog\/wp-json\/wp\/v2\/comments?post=41846"}],"version-history":[{"count":0,"href":"https:\/\/hinternet.de\/blog\/wp-json\/wp\/v2\/pages\/41846\/revisions"}],"up":[{"embeddable":true,"href":"https:\/\/hinternet.de\/blog\/wp-json\/wp\/v2\/pages\/41668"}],"wp:attachment":[{"href":"https:\/\/hinternet.de\/blog\/wp-json\/wp\/v2\/media?parent=41846"}],"curies":[{"name":"wp","href":"https:\/\/api.w.org\/{rel}","templated":true}]}}